{"id":3435,"date":"2023-02-09T12:33:28","date_gmt":"2023-02-09T12:33:28","guid":{"rendered":"https:\/\/imgroup.uy\/players\/"},"modified":"2023-03-28T12:31:58","modified_gmt":"2023-03-28T12:31:58","slug":"players","status":"publish","type":"page","link":"https:\/\/imgroup.uy\/en\/players\/","title":{"rendered":"Players"},"content":{"rendered":"\t\t<div data-elementor-type=\"wp-page\" data-elementor-id=\"3435\" class=\"elementor elementor-3435\" data-elementor-post-type=\"page\">\n\t\t\t\t\t\t<section data-dce-background-color=\"#000000\" data-dce-background-image-url=\"https:\/\/imgroup.uy\/wp-content\/uploads\/2023\/02\/digital-marketing-agency-hero-img-bg-overlay-1-1.svg\" class=\"elementor-section elementor-top-section elementor-element elementor-element-4dcbe88 elementor-section-boxed elementor-section-height-default elementor-section-height-default\" data-id=\"4dcbe88\" data-element_type=\"section\" data-settings=\"{&quot;background_background&quot;:&quot;classic&quot;}\">\n\t\t\t\t\t\t\t<div class=\"elementor-background-overlay\"><\/div>\n\t\t\t\t\t\t\t<div class=\"elementor-container elementor-column-gap-no\">\n\t\t\t\t\t<div class=\"elementor-column elementor-col-100 elementor-top-column elementor-element elementor-element-3c1f7d8\" data-id=\"3c1f7d8\" data-element_type=\"column\">\n\t\t\t<div class=\"elementor-widget-wrap elementor-element-populated\">\n\t\t\t\t\t\t<div class=\"elementor-element elementor-element-ff67811 elementor-widget elementor-widget-heading\" data-id=\"ff67811\" data-element_type=\"widget\" data-widget_type=\"heading.default\">\n\t\t\t\t<div class=\"elementor-widget-container\">\n\t\t\t\t\t<h1 class=\"elementor-heading-title elementor-size-default\">Players<\/h1>\t\t\t\t<\/div>\n\t\t\t\t<\/div>\n\t\t\t\t\t<\/div>\n\t\t<\/div>\n\t\t\t\t\t<\/div>\n\t\t<\/section>\n\t\t\t\t<section data-dce-background-color=\"#000000\" class=\"elementor-section elementor-top-section elementor-element elementor-element-3c7b8f85 elementor-section-full_width elementor-section-height-default elementor-section-height-default\" data-id=\"3c7b8f85\" data-element_type=\"section\" data-settings=\"{&quot;background_background&quot;:&quot;classic&quot;}\">\n\t\t\t\t\t\t<div class=\"elementor-container elementor-column-gap-default\">\n\t\t\t\t\t<div class=\"elementor-column elementor-col-100 elementor-top-column elementor-element elementor-element-1efe247c\" data-id=\"1efe247c\" data-element_type=\"column\">\n\t\t\t<div class=\"elementor-widget-wrap elementor-element-populated\">\n\t\t\t\t\t\t<div class=\"elementor-element elementor-element-4739ccb1 dce-col-3 dce-align-center dce-posts-layout-default dce-col-tablet-3 dce-col-mobile-1 elementor-widget elementor-widget-dce-dynamicposts-v2\" data-id=\"4739ccb1\" data-element_type=\"widget\" data-settings=\"{&quot;templatemode_linkable&quot;:&quot;yes&quot;,&quot;grid_match_height&quot;:&quot;yes&quot;,&quot;style_items&quot;:&quot;default&quot;,&quot;grid_grid_type&quot;:&quot;flex&quot;}\" data-widget_type=\"dce-dynamicposts-v2.grid\">\n\t\t\t\t<div class=\"elementor-widget-container\">\n\t\t\t\t\t\n\t\t<div class=\"dce-fix-background-loop dce-posts-container dce-posts dce-dynamic-posts-collection  dce-skin-grid dce-skin-grid-flex\">\n\t\t\t\t\t\t<div class=\"dce-posts-wrapper dce-wrapper-grid\">\n\t\t\t\n\t\t<article class=\"post-3826 jugadores type-jugadores status-publish hentry category-jugadores dce-post dce-post-item dce-item-grid\" data-dce-post-id=\"3826\" data-dce-post-index=\"0\" data-post-link=\"https:\/\/imgroup.uy\/en\/jugadores\/renata-puche\/\">\n\t\t\t<div class=\"dce-post-block elementor-animation-grow\">\n\t\t<div class=\"dce-item dce-item_custommeta elementor-repeater-item-32ffd18\"><div class=\"dce-post-custommeta\"><div class=\"dce-meta-item dce-meta-32ffd18 dce-meta-image elementor-repeater-item-32ffd18\"><img fetchpriority=\"high\" decoding=\"async\" width=\"1995\" height=\"1995\" src=\"https:\/\/imgroup.uy\/wp-content\/uploads\/2023\/10\/1_renata-1-1-2.jpg\" class=\"dce-img\" alt=\"\" \/><\/div><\/div><\/div><div class=\"dce-item dce-item_title elementor-repeater-item-57de72a\"><p class=\"dce-post-title\"><a href=\"https:\/\/imgroup.uy\/en\/jugadores\/renata-puche\/\">Renata Puche<\/a><\/p><\/div>\t\t\t<\/div>\n\t\t<\/article>\n\t\t\n\t\t<article class=\"post-3790 jugadores type-jugadores status-publish hentry category-jugadores dce-post dce-post-item dce-item-grid\" data-dce-post-id=\"3790\" data-dce-post-index=\"1\" data-post-link=\"https:\/\/imgroup.uy\/en\/jugadores\/diego-capdevila\/\">\n\t\t\t<div class=\"dce-post-block elementor-animation-grow\">\n\t\t<div class=\"dce-item dce-item_custommeta elementor-repeater-item-32ffd18\"><div class=\"dce-post-custommeta dce-post-custommeta\"><div class=\"dce-meta-item dce-meta-32ffd18 dce-meta-image elementor-repeater-item-32ffd18\"><img decoding=\"async\" width=\"1995\" height=\"1995\" src=\"https:\/\/imgroup.uy\/wp-content\/uploads\/2023\/10\/1_diego-1-2.jpg\" class=\"dce-img\" alt=\"\" \/><\/div><\/div><\/div><div class=\"dce-item dce-item_title elementor-repeater-item-57de72a\"><p class=\"dce-post-title\"><a href=\"https:\/\/imgroup.uy\/en\/jugadores\/diego-capdevila\/\">Diego Capdevila<\/a><\/p><\/div>\t\t\t<\/div>\n\t\t<\/article>\n\t\t\n\t\t<article class=\"post-3771 jugadores type-jugadores status-publish hentry category-jugadores dce-post dce-post-item dce-item-grid\" data-dce-post-id=\"3771\" data-dce-post-index=\"2\" data-post-link=\"https:\/\/imgroup.uy\/en\/jugadores\/facundo-echeveste\/\">\n\t\t\t<div class=\"dce-post-block elementor-animation-grow\">\n\t\t<div class=\"dce-item dce-item_custommeta elementor-repeater-item-32ffd18\"><div class=\"dce-post-custommeta dce-post-custommeta dce-post-custommeta\"><div class=\"dce-meta-item dce-meta-32ffd18 dce-meta-image elementor-repeater-item-32ffd18\"><img decoding=\"async\" width=\"1995\" height=\"1995\" src=\"https:\/\/imgroup.uy\/wp-content\/uploads\/2023\/10\/2_facundo-1-2.jpg\" class=\"dce-img\" alt=\"\" \/><\/div><\/div><\/div><div class=\"dce-item dce-item_title elementor-repeater-item-57de72a\"><p class=\"dce-post-title\"><a href=\"https:\/\/imgroup.uy\/en\/jugadores\/facundo-echeveste\/\">Facundo Echeveste<\/a><\/p><\/div>\t\t\t<\/div>\n\t\t<\/article>\n\t\t\n\t\t<article class=\"post-3749 jugadores type-jugadores status-publish hentry category-jugadores dce-post dce-post-item dce-item-grid\" data-dce-post-id=\"3749\" data-dce-post-index=\"3\" data-post-link=\"https:\/\/imgroup.uy\/en\/jugadores\/enzo-badia\/\">\n\t\t\t<div class=\"dce-post-block elementor-animation-grow\">\n\t\t<div class=\"dce-item dce-item_custommeta elementor-repeater-item-32ffd18\"><div class=\"dce-post-custommeta dce-post-custommeta dce-post-custommeta dce-post-custommeta\"><div class=\"dce-meta-item dce-meta-32ffd18 dce-meta-image elementor-repeater-item-32ffd18\"><img loading=\"lazy\" decoding=\"async\" width=\"1995\" height=\"1995\" src=\"https:\/\/imgroup.uy\/wp-content\/uploads\/2023\/10\/2_enzo-1-2.jpg\" class=\"dce-img\" alt=\"\" \/><\/div><\/div><\/div><div class=\"dce-item dce-item_title elementor-repeater-item-57de72a\"><p class=\"dce-post-title\"><a href=\"https:\/\/imgroup.uy\/en\/jugadores\/enzo-badia\/\">Enzo Badia<\/a><\/p><\/div>\t\t\t<\/div>\n\t\t<\/article>\n\t\t\n\t\t<article class=\"post-3730 jugadores type-jugadores status-publish hentry category-jugadores dce-post dce-post-item dce-item-grid\" data-dce-post-id=\"3730\" data-dce-post-index=\"4\" data-post-link=\"https:\/\/imgroup.uy\/en\/jugadores\/lautaro-rodales\/\">\n\t\t\t<div class=\"dce-post-block elementor-animation-grow\">\n\t\t<div class=\"dce-item dce-item_custommeta elementor-repeater-item-32ffd18\"><div class=\"dce-post-custommeta dce-post-custommeta dce-post-custommeta dce-post-custommeta dce-post-custommeta\"><div class=\"dce-meta-item dce-meta-32ffd18 dce-meta-image elementor-repeater-item-32ffd18\"><img loading=\"lazy\" decoding=\"async\" width=\"1995\" height=\"1995\" src=\"https:\/\/imgroup.uy\/wp-content\/uploads\/2023\/10\/1_lautaro-1-2.jpg\" class=\"dce-img\" alt=\"\" \/><\/div><\/div><\/div><div class=\"dce-item dce-item_title elementor-repeater-item-57de72a\"><p class=\"dce-post-title\"><a href=\"https:\/\/imgroup.uy\/en\/jugadores\/lautaro-rodales\/\">Lautaro Rodales<\/a><\/p><\/div>\t\t\t<\/div>\n\t\t<\/article>\n\t\t\n\t\t<article class=\"post-3711 jugadores type-jugadores status-publish hentry category-jugadores dce-post dce-post-item dce-item-grid\" data-dce-post-id=\"3711\" data-dce-post-index=\"5\" data-post-link=\"https:\/\/imgroup.uy\/en\/jugadores\/joaquin-almeida\/\">\n\t\t\t<div class=\"dce-post-block elementor-animation-grow\">\n\t\t<div class=\"dce-item dce-item_custommeta elementor-repeater-item-32ffd18\"><div class=\"dce-post-custommeta dce-post-custommeta dce-post-custommeta dce-post-custommeta dce-post-custommeta dce-post-custommeta\"><div class=\"dce-meta-item dce-meta-32ffd18 dce-meta-image elementor-repeater-item-32ffd18\"><img loading=\"lazy\" decoding=\"async\" width=\"1995\" height=\"1995\" src=\"https:\/\/imgroup.uy\/wp-content\/uploads\/2023\/10\/3_joaquin-1-2.jpg\" class=\"dce-img\" alt=\"\" \/><\/div><\/div><\/div><div class=\"dce-item dce-item_title elementor-repeater-item-57de72a\"><p class=\"dce-post-title\"><a href=\"https:\/\/imgroup.uy\/en\/jugadores\/joaquin-almeida\/\">Joaqu\u00edn Almeida<\/a><\/p><\/div>\t\t\t<\/div>\n\t\t<\/article>\n\t\t\n\t\t<article class=\"post-3215 jugadores type-jugadores status-publish hentry category-jugadores dce-post dce-post-item dce-item-grid\" data-dce-post-id=\"3215\" data-dce-post-index=\"6\" data-post-link=\"https:\/\/imgroup.uy\/en\/jugadores\/matias-santana\/\">\n\t\t\t<div class=\"dce-post-block elementor-animation-grow\">\n\t\t<div class=\"dce-item dce-item_custommeta elementor-repeater-item-32ffd18\"><div class=\"dce-post-custommeta dce-post-custommeta dce-post-custommeta dce-post-custommeta dce-post-custommeta dce-post-custommeta dce-post-custommeta\"><div class=\"dce-meta-item dce-meta-32ffd18 dce-meta-image elementor-repeater-item-32ffd18\"><img loading=\"lazy\" decoding=\"async\" width=\"1000\" height=\"1000\" src=\"https:\/\/imgroup.uy\/wp-content\/uploads\/2023\/10\/3_Matias-Santana.jpg\" class=\"dce-img\" alt=\"\" \/><\/div><\/div><\/div><div class=\"dce-item dce-item_title elementor-repeater-item-57de72a\"><p class=\"dce-post-title\"><a href=\"https:\/\/imgroup.uy\/en\/jugadores\/matias-santana\/\">Mat\u00edas Santana<\/a><\/p><\/div>\t\t\t<\/div>\n\t\t<\/article>\n\t\t\n\t\t<article class=\"post-3053 jugadores type-jugadores status-publish hentry category-jugadores dce-post dce-post-item dce-item-grid\" data-dce-post-id=\"3053\" data-dce-post-index=\"7\" data-post-link=\"https:\/\/imgroup.uy\/en\/jugadores\/benjamin-albermager\/\">\n\t\t\t<div class=\"dce-post-block elementor-animation-grow\">\n\t\t<div class=\"dce-item dce-item_custommeta elementor-repeater-item-32ffd18\"><div class=\"dce-post-custommeta dce-post-custommeta dce-post-custommeta dce-post-custommeta dce-post-custommeta dce-post-custommeta dce-post-custommeta dce-post-custommeta\"><div class=\"dce-meta-item dce-meta-32ffd18 dce-meta-image elementor-repeater-item-32ffd18\"><img loading=\"lazy\" decoding=\"async\" width=\"1000\" height=\"1000\" src=\"https:\/\/imgroup.uy\/wp-content\/uploads\/2023\/10\/1_Benjami\u2560un-Albermager-.jpg\" class=\"dce-img\" alt=\"\" \/><\/div><\/div><\/div><div class=\"dce-item dce-item_title elementor-repeater-item-57de72a\"><p class=\"dce-post-title\"><a href=\"https:\/\/imgroup.uy\/en\/jugadores\/benjamin-albermager\/\">Benjam\u00edn Albermager<\/a><\/p><\/div>\t\t\t<\/div>\n\t\t<\/article>\n\t\t\n\t\t<article class=\"post-3047 jugadores type-jugadores status-publish hentry category-jugadores dce-post dce-post-item dce-item-grid\" data-dce-post-id=\"3047\" data-dce-post-index=\"8\" data-post-link=\"https:\/\/imgroup.uy\/en\/jugadores\/nicolas-antunez\/\">\n\t\t\t<div class=\"dce-post-block elementor-animation-grow\">\n\t\t<div class=\"dce-item dce-item_custommeta elementor-repeater-item-32ffd18\"><div class=\"dce-post-custommeta dce-post-custommeta dce-post-custommeta dce-post-custommeta dce-post-custommeta dce-post-custommeta dce-post-custommeta dce-post-custommeta dce-post-custommeta\"><div class=\"dce-meta-item dce-meta-32ffd18 dce-meta-image elementor-repeater-item-32ffd18\"><img loading=\"lazy\" decoding=\"async\" width=\"1000\" height=\"1000\" src=\"https:\/\/imgroup.uy\/wp-content\/uploads\/2023\/10\/3_-Nicolas-Antu\u2560unez-.jpg\" class=\"dce-img\" alt=\"\" \/><\/div><\/div><\/div><div class=\"dce-item dce-item_title elementor-repeater-item-57de72a\"><p class=\"dce-post-title\"><a href=\"https:\/\/imgroup.uy\/en\/jugadores\/nicolas-antunez\/\">Nicol\u00e1s Ant\u00fanez<\/a><\/p><\/div>\t\t\t<\/div>\n\t\t<\/article>\n\t\t\n\t\t<article class=\"post-2960 jugadores type-jugadores status-publish hentry category-jugadores dce-post dce-post-item dce-item-grid\" data-dce-post-id=\"2960\" data-dce-post-index=\"9\" data-post-link=\"https:\/\/imgroup.uy\/en\/jugadores\/leandro-gonzalez\/\">\n\t\t\t<div class=\"dce-post-block elementor-animation-grow\">\n\t\t<div class=\"dce-item dce-item_custommeta elementor-repeater-item-32ffd18\"><div class=\"dce-post-custommeta dce-post-custommeta dce-post-custommeta dce-post-custommeta dce-post-custommeta dce-post-custommeta dce-post-custommeta dce-post-custommeta dce-post-custommeta dce-post-custommeta\"><div class=\"dce-meta-item dce-meta-32ffd18 dce-meta-image elementor-repeater-item-32ffd18\"><img loading=\"lazy\" decoding=\"async\" width=\"1000\" height=\"1000\" src=\"https:\/\/imgroup.uy\/wp-content\/uploads\/2023\/10\/1_-Leandro-Gonzalez.jpg\" class=\"dce-img\" alt=\"\" \/><\/div><\/div><\/div><div class=\"dce-item dce-item_title elementor-repeater-item-57de72a\"><p class=\"dce-post-title\"><a href=\"https:\/\/imgroup.uy\/en\/jugadores\/leandro-gonzalez\/\">Leandro Gonz\u00e1lez<\/a><\/p><\/div>\t\t\t<\/div>\n\t\t<\/article>\n\t\t\n\t\t<article class=\"post-2953 jugadores type-jugadores status-publish hentry category-jugadores dce-post dce-post-item dce-item-grid\" data-dce-post-id=\"2953\" data-dce-post-index=\"10\" data-post-link=\"https:\/\/imgroup.uy\/en\/jugadores\/lautaro-ibanez\/\">\n\t\t\t<div class=\"dce-post-block elementor-animation-grow\">\n\t\t<div class=\"dce-item dce-item_custommeta elementor-repeater-item-32ffd18\"><div class=\"dce-post-custommeta dce-post-custommeta dce-post-custommeta dce-post-custommeta dce-post-custommeta dce-post-custommeta dce-post-custommeta dce-post-custommeta dce-post-custommeta dce-post-custommeta dce-post-custommeta\"><div class=\"dce-meta-item dce-meta-32ffd18 dce-meta-image elementor-repeater-item-32ffd18\"><img loading=\"lazy\" decoding=\"async\" width=\"1000\" height=\"1000\" src=\"https:\/\/imgroup.uy\/wp-content\/uploads\/2023\/10\/3_-Lautaro-Iban\u2560aez.jpg\" class=\"dce-img\" alt=\"\" \/><\/div><\/div><\/div><div class=\"dce-item dce-item_title elementor-repeater-item-57de72a\"><p class=\"dce-post-title\"><a href=\"https:\/\/imgroup.uy\/en\/jugadores\/lautaro-ibanez\/\">Lautaro Iba\u00f1ez<\/a><\/p><\/div>\t\t\t<\/div>\n\t\t<\/article>\n\t\t\n\t\t<article class=\"post-2930 jugadores type-jugadores status-publish hentry category-jugadores dce-post dce-post-item dce-item-grid\" data-dce-post-id=\"2930\" data-dce-post-index=\"11\" data-post-link=\"https:\/\/imgroup.uy\/en\/jugadores\/facundo-cuello\/\">\n\t\t\t<div class=\"dce-post-block elementor-animation-grow\">\n\t\t<div class=\"dce-item dce-item_custommeta elementor-repeater-item-32ffd18\"><div class=\"dce-post-custommeta dce-post-custommeta dce-post-custommeta dce-post-custommeta dce-post-custommeta dce-post-custommeta dce-post-custommeta dce-post-custommeta dce-post-custommeta dce-post-custommeta dce-post-custommeta dce-post-custommeta\"><div class=\"dce-meta-item dce-meta-32ffd18 dce-meta-image elementor-repeater-item-32ffd18\"><img loading=\"lazy\" decoding=\"async\" width=\"1000\" height=\"1000\" src=\"https:\/\/imgroup.uy\/wp-content\/uploads\/2023\/10\/1_-Facundo-Cuello.jpg\" class=\"dce-img\" alt=\"\" \/><\/div><\/div><\/div><div class=\"dce-item dce-item_title elementor-repeater-item-57de72a\"><p class=\"dce-post-title\"><a href=\"https:\/\/imgroup.uy\/en\/jugadores\/facundo-cuello\/\">Facundo Cuello<\/a><\/p><\/div>\t\t\t<\/div>\n\t\t<\/article>\n\t\t\n\t\t<article class=\"post-2746 jugadores type-jugadores status-publish hentry category-jugadores dce-post dce-post-item dce-item-grid\" data-dce-post-id=\"2746\" data-dce-post-index=\"12\" data-post-link=\"https:\/\/imgroup.uy\/en\/jugadores\/benjamin-troche\/\">\n\t\t\t<div class=\"dce-post-block elementor-animation-grow\">\n\t\t<div class=\"dce-item dce-item_custommeta elementor-repeater-item-32ffd18\"><div class=\"dce-post-custommeta dce-post-custommeta dce-post-custommeta dce-post-custommeta dce-post-custommeta dce-post-custommeta dce-post-custommeta dce-post-custommeta dce-post-custommeta dce-post-custommeta dce-post-custommeta dce-post-custommeta dce-post-custommeta\"><div class=\"dce-meta-item dce-meta-32ffd18 dce-meta-image elementor-repeater-item-32ffd18\"><img loading=\"lazy\" decoding=\"async\" width=\"1000\" height=\"1000\" src=\"https:\/\/imgroup.uy\/wp-content\/uploads\/2023\/10\/1_Benjamin-Troche.jpg\" class=\"dce-img\" alt=\"\" \/><\/div><\/div><\/div><div class=\"dce-item dce-item_title elementor-repeater-item-57de72a\"><p class=\"dce-post-title\"><a href=\"https:\/\/imgroup.uy\/en\/jugadores\/benjamin-troche\/\">Benjamin Troche<\/a><\/p><\/div>\t\t\t<\/div>\n\t\t<\/article>\n\t\t\t\t\t<\/div>\n\t\t\t\t\t<\/div>\n\t\t\t\t\t\t<\/div>\n\t\t\t\t<\/div>\n\t\t\t\t\t<\/div>\n\t\t<\/div>\n\t\t\t\t\t<\/div>\n\t\t<\/section>\n\t\t\t\t<\/div>\n\t\t","protected":false},"excerpt":{"rendered":"<p>Players Mat\u00edas Santana Benjam\u00edn Albermager Nicol\u00e1s Ant\u00fanez Leandro Gonz\u00e1lez Lautaro Iba\u00f1ez Facundo Cuello Benjamin Troche<\/p>\n","protected":false},"author":2,"featured_media":0,"parent":0,"menu_order":0,"comment_status":"closed","ping_status":"closed","template":"elementor_header_footer","meta":{"_acf_changed":false,"_uag_custom_page_level_css":"","site-sidebar-layout":"no-sidebar","site-content-layout":"page-builder","ast-site-content-layout":"default","site-content-style":"default","site-sidebar-style":"default","ast-global-header-display":"","ast-banner-title-visibility":"","ast-main-header-display":"","ast-hfb-above-header-display":"","ast-hfb-below-header-display":"","ast-hfb-mobile-header-display":"","site-post-title":"disabled","ast-breadcrumbs-content":"disabled","ast-featured-img":"disabled","footer-sml-layout":"","ast-disable-related-posts":"","theme-transparent-header-meta":"enabled","adv-header-id-meta":"","stick-header-meta":"","header-above-stick-meta":"","header-main-stick-meta":"","header-below-stick-meta":"","astra-migrate-meta-layouts":"default","ast-page-background-enabled":"default","ast-page-background-meta":{"desktop":{"background-color":"","background-image":"","background-repeat":"repeat","background-position":"center center","background-size":"auto","background-attachment":"scroll","background-type":"","background-media":"","overlay-type":"","overlay-color":"","overlay-opacity":"","overlay-gradient":""},"tablet":{"background-color":"","background-image":"","background-repeat":"repeat","background-position":"center center","background-size":"auto","background-attachment":"scroll","background-type":"","background-media":"","overlay-type":"","overlay-color":"","overlay-opacity":"","overlay-gradient":""},"mobile":{"background-color":"","background-image":"","background-repeat":"repeat","background-position":"center center","background-size":"auto","background-attachment":"scroll","background-type":"","background-media":"","overlay-type":"","overlay-color":"","overlay-opacity":"","overlay-gradient":""}},"ast-content-background-meta":{"desktop":{"background-color":"var(--ast-global-color-5)","background-image":"","background-repeat":"repeat","background-position":"center center","background-size":"auto","background-attachment":"scroll","background-type":"","background-media":"","overlay-type":"","overlay-color":"","overlay-opacity":"","overlay-gradient":""},"tablet":{"background-color":"var(--ast-global-color-5)","background-image":"","background-repeat":"repeat","background-position":"center center","background-size":"auto","background-attachment":"scroll","background-type":"","background-media":"","overlay-type":"","overlay-color":"","overlay-opacity":"","overlay-gradient":""},"mobile":{"background-color":"var(--ast-global-color-5)","background-image":"","background-repeat":"repeat","background-position":"center center","background-size":"auto","background-attachment":"scroll","background-type":"","background-media":"","overlay-type":"","overlay-color":"","overlay-opacity":"","overlay-gradient":""}},"footnotes":""},"class_list":["post-3435","page","type-page","status-publish","hentry"],"acf":[],"uagb_featured_image_src":{"full":false,"thumbnail":false,"medium":false,"medium_large":false,"large":false,"1536x1536":false,"2048x2048":false},"uagb_author_info":{"display_name":"c2081650","author_link":"https:\/\/imgroup.uy\/en\/author\/c2081650\/"},"uagb_comment_info":0,"uagb_excerpt":"Players Mat\u00edas Santana Benjam\u00edn Albermager Nicol\u00e1s Ant\u00fanez Leandro Gonz\u00e1lez Lautaro Iba\u00f1ez Facundo Cuello Benjamin Troche","_links":{"self":[{"href":"https:\/\/imgroup.uy\/en\/wp-json\/wp\/v2\/pages\/3435","targetHints":{"allow":["GET"]}}],"collection":[{"href":"https:\/\/imgroup.uy\/en\/wp-json\/wp\/v2\/pages"}],"about":[{"href":"https:\/\/imgroup.uy\/en\/wp-json\/wp\/v2\/types\/page"}],"author":[{"embeddable":true,"href":"https:\/\/imgroup.uy\/en\/wp-json\/wp\/v2\/users\/2"}],"replies":[{"embeddable":true,"href":"https:\/\/imgroup.uy\/en\/wp-json\/wp\/v2\/comments?post=3435"}],"version-history":[{"count":16,"href":"https:\/\/imgroup.uy\/en\/wp-json\/wp\/v2\/pages\/3435\/revisions"}],"predecessor-version":[{"id":3607,"href":"https:\/\/imgroup.uy\/en\/wp-json\/wp\/v2\/pages\/3435\/revisions\/3607"}],"wp:attachment":[{"href":"https:\/\/imgroup.uy\/en\/wp-json\/wp\/v2\/media?parent=3435"}],"curies":[{"name":"wp","href":"https:\/\/api.w.org\/{rel}","templated":true}]}}