{"id":3447,"date":"2021-05-21T09:58:28","date_gmt":"2021-05-21T09:58:28","guid":{"rendered":"https:\/\/imgroup.uy\/servicos\/"},"modified":"2023-03-28T12:00:18","modified_gmt":"2023-03-28T12:00:18","slug":"servicos","status":"publish","type":"page","link":"https:\/\/imgroup.uy\/pt-br\/servicos\/","title":{"rendered":"Servi\u00e7os"},"content":{"rendered":"\t\t<div data-elementor-type=\"wp-page\" data-elementor-id=\"3447\" class=\"elementor elementor-3447\" data-elementor-post-type=\"page\">\n\t\t\t\t\t\t<section data-dce-background-image-url=\"https:\/\/imgroup.uy\/wp-content\/uploads\/2023\/02\/digital-marketing-agency-hero-img-bg-overlay-1-1.svg\" class=\"elementor-section elementor-top-section elementor-element elementor-element-47117e6 elementor-section-boxed elementor-section-height-default elementor-section-height-default\" data-id=\"47117e6\" data-element_type=\"section\" data-settings=\"{&quot;background_background&quot;:&quot;classic&quot;}\">\n\t\t\t\t\t\t\t<div class=\"elementor-background-overlay\"><\/div>\n\t\t\t\t\t\t\t<div class=\"elementor-container elementor-column-gap-no\">\n\t\t\t\t\t<div class=\"elementor-column elementor-col-100 elementor-top-column elementor-element elementor-element-c5cbc28\" data-id=\"c5cbc28\" data-element_type=\"column\">\n\t\t\t<div class=\"elementor-widget-wrap elementor-element-populated\">\n\t\t\t\t\t\t<div class=\"elementor-element elementor-element-aff0c05 elementor-widget elementor-widget-heading\" data-id=\"aff0c05\" data-element_type=\"widget\" data-widget_type=\"heading.default\">\n\t\t\t\t<div class=\"elementor-widget-container\">\n\t\t\t\t\t<h1 class=\"elementor-heading-title elementor-size-default\">Servi\u00e7os <\/h1>\t\t\t\t<\/div>\n\t\t\t\t<\/div>\n\t\t\t\t\t<\/div>\n\t\t<\/div>\n\t\t\t\t\t<\/div>\n\t\t<\/section>\n\t\t\t\t<section class=\"elementor-section elementor-top-section elementor-element elementor-element-7ccd6a8 elementor-section-boxed elementor-section-height-default elementor-section-height-default\" data-id=\"7ccd6a8\" data-element_type=\"section\" data-settings=\"{&quot;background_background&quot;:&quot;classic&quot;}\">\n\t\t\t\t\t\t<div class=\"elementor-container elementor-column-gap-no\">\n\t\t\t\t\t<div class=\"elementor-column elementor-col-100 elementor-top-column elementor-element elementor-element-e361a82\" data-id=\"e361a82\" data-element_type=\"column\">\n\t\t\t<div class=\"elementor-widget-wrap elementor-element-populated\">\n\t\t\t\t\t\t<div class=\"elementor-element elementor-element-3ca6eeb elementor-position-right elementor-vertical-align-middle dce_masking-none elementor-widget elementor-widget-image-box\" data-id=\"3ca6eeb\" data-element_type=\"widget\" data-widget_type=\"image-box.default\">\n\t\t\t\t<div class=\"elementor-widget-container\">\n\t\t\t\t\t<div class=\"elementor-image-box-wrapper\"><figure class=\"elementor-image-box-img\"><img fetchpriority=\"high\" decoding=\"async\" width=\"504\" height=\"378\" src=\"https:\/\/imgroup.uy\/wp-content\/uploads\/2023\/02\/img_Captamos-1.jpg\" class=\"attachment-full size-full wp-image-2656\" alt=\"\" srcset=\"https:\/\/imgroup.uy\/wp-content\/uploads\/2023\/02\/img_Captamos-1.jpg 504w, https:\/\/imgroup.uy\/wp-content\/uploads\/2023\/02\/img_Captamos-1-300x225.jpg 300w\" sizes=\"(max-width: 504px) 100vw, 504px\" \/><\/figure><div class=\"elementor-image-box-content\"><h4 class=\"elementor-image-box-title\"><br>Recrutamos Talentos<\/h4><p class=\"elementor-image-box-description\">Nosso trabalho consiste em uma excelente percep\u00e7\u00e3o para identificar talentos desde tenra idade em inferiores.\nNossa equipe n\u00e3o est\u00e1 focada apenas nas proezas de jovens talentos.<\/p><\/div><\/div>\t\t\t\t<\/div>\n\t\t\t\t<\/div>\n\t\t\t\t<div class=\"elementor-element elementor-element-0d958dc elementor-position-left elementor-vertical-align-middle dce_masking-none elementor-widget elementor-widget-image-box\" data-id=\"0d958dc\" data-element_type=\"widget\" data-widget_type=\"image-box.default\">\n\t\t\t\t<div class=\"elementor-widget-container\">\n\t\t\t\t\t<div class=\"elementor-image-box-wrapper\"><figure class=\"elementor-image-box-img\"><img decoding=\"async\" width=\"504\" height=\"378\" src=\"https:\/\/imgroup.uy\/wp-content\/uploads\/2023\/02\/img_Representamos.jpg\" class=\"attachment-full size-full wp-image-2657\" alt=\"\" srcset=\"https:\/\/imgroup.uy\/wp-content\/uploads\/2023\/02\/img_Representamos.jpg 504w, https:\/\/imgroup.uy\/wp-content\/uploads\/2023\/02\/img_Representamos-300x225.jpg 300w\" sizes=\"(max-width: 504px) 100vw, 504px\" \/><\/figure><div class=\"elementor-image-box-content\"><h4 class=\"elementor-image-box-title\"><br>Representamos Futebolistas<\/h4><p class=\"elementor-image-box-description\">Representados com exclusividade, o que faz com que nossa empresa tenha atendimento personalizado e dedica\u00e7\u00e3o especial a cada um deles, suas necessidades pessoais e profissionais.<\/p><\/div><\/div>\t\t\t\t<\/div>\n\t\t\t\t<\/div>\n\t\t\t\t<div class=\"elementor-element elementor-element-3c25468 elementor-position-right elementor-vertical-align-middle dce_masking-none elementor-widget elementor-widget-image-box\" data-id=\"3c25468\" data-element_type=\"widget\" data-widget_type=\"image-box.default\">\n\t\t\t\t<div class=\"elementor-widget-container\">\n\t\t\t\t\t<div class=\"elementor-image-box-wrapper\"><figure class=\"elementor-image-box-img\"><img decoding=\"async\" width=\"504\" height=\"378\" src=\"https:\/\/imgroup.uy\/wp-content\/uploads\/2023\/02\/img_Asesoramiento.jpg\" class=\"attachment-full size-full wp-image-2661\" alt=\"\" srcset=\"https:\/\/imgroup.uy\/wp-content\/uploads\/2023\/02\/img_Asesoramiento.jpg 504w, https:\/\/imgroup.uy\/wp-content\/uploads\/2023\/02\/img_Asesoramiento-300x225.jpg 300w\" sizes=\"(max-width: 504px) 100vw, 504px\" \/><\/figure><div class=\"elementor-image-box-content\"><h4 class=\"elementor-image-box-title\"><br>Assessor integral<\/h4><p class=\"elementor-image-box-description\">Prestamos assessoria e apoio de alto n\u00edvel nas \u00e1reas jur\u00eddica, marketing e outras, apostando na imagem dos nossos clientes, zelando pelos seus interesses e carreira.<\/p><\/div><\/div>\t\t\t\t<\/div>\n\t\t\t\t<\/div>\n\t\t\t\t<div class=\"elementor-element elementor-element-810310e elementor-position-left elementor-vertical-align-middle dce_masking-none elementor-widget elementor-widget-image-box\" data-id=\"810310e\" data-element_type=\"widget\" data-widget_type=\"image-box.default\">\n\t\t\t\t<div class=\"elementor-widget-container\">\n\t\t\t\t\t<div class=\"elementor-image-box-wrapper\"><figure class=\"elementor-image-box-img\"><img loading=\"lazy\" decoding=\"async\" width=\"504\" height=\"378\" src=\"https:\/\/imgroup.uy\/wp-content\/uploads\/2023\/02\/img_Marketing.jpg\" class=\"attachment-full size-full wp-image-2662\" alt=\"\" srcset=\"https:\/\/imgroup.uy\/wp-content\/uploads\/2023\/02\/img_Marketing.jpg 504w, https:\/\/imgroup.uy\/wp-content\/uploads\/2023\/02\/img_Marketing-300x225.jpg 300w\" sizes=\"(max-width: 504px) 100vw, 504px\" \/><\/figure><div class=\"elementor-image-box-content\"><h4 class=\"elementor-image-box-title\"><br>Marketing Esportivo<\/h4><p class=\"elementor-image-box-description\">Nos preocupamos em construir uma imagem adequada no mundo atual (redes sociais), reconhecimento no meio e apoiamos voc\u00ea na busca de oportunidades de neg\u00f3cios.<\/p><\/div><\/div>\t\t\t\t<\/div>\n\t\t\t\t<\/div>\n\t\t\t\t\t<\/div>\n\t\t<\/div>\n\t\t\t\t\t<\/div>\n\t\t<\/section>\n\t\t\t\t<\/div>\n\t\t","protected":false},"excerpt":{"rendered":"<p>Servi\u00e7os Recrutamos Talentos Nosso trabalho consiste em uma excelente percep\u00e7\u00e3o para identificar talentos desde tenra idade em inferiores. Nossa equipe n\u00e3o est\u00e1 focada apenas nas proezas de jovens talentos. Representamos Futebolistas Representados com exclusividade, o que faz com que nossa empresa tenha atendimento personalizado e dedica\u00e7\u00e3o especial a cada um deles, suas necessidades pessoais e [&hellip;]<\/p>\n","protected":false},"author":2,"featured_media":0,"parent":0,"menu_order":0,"comment_status":"closed","ping_status":"closed","template":"","meta":{"_acf_changed":false,"_uag_custom_page_level_css":"","site-sidebar-layout":"no-sidebar","site-content-layout":"page-builder","ast-site-content-layout":"default","site-content-style":"default","site-sidebar-style":"default","ast-global-header-display":"","ast-banner-title-visibility":"","ast-main-header-display":"","ast-hfb-above-header-display":"","ast-hfb-below-header-display":"","ast-hfb-mobile-header-display":"","site-post-title":"disabled","ast-breadcrumbs-content":"disabled","ast-featured-img":"disabled","footer-sml-layout":"","ast-disable-related-posts":"","theme-transparent-header-meta":"enabled","adv-header-id-meta":"","stick-header-meta":"","header-above-stick-meta":"","header-main-stick-meta":"","header-below-stick-meta":"","astra-migrate-meta-layouts":"default","ast-page-background-enabled":"default","ast-page-background-meta":{"desktop":{"background-color":"","background-image":"","background-repeat":"repeat","background-position":"center center","background-size":"auto","background-attachment":"scroll","background-type":"","background-media":"","overlay-type":"","overlay-color":"","overlay-opacity":"","overlay-gradient":""},"tablet":{"background-color":"","background-image":"","background-repeat":"repeat","background-position":"center center","background-size":"auto","background-attachment":"scroll","background-type":"","background-media":"","overlay-type":"","overlay-color":"","overlay-opacity":"","overlay-gradient":""},"mobile":{"background-color":"","background-image":"","background-repeat":"repeat","background-position":"center center","background-size":"auto","background-attachment":"scroll","background-type":"","background-media":"","overlay-type":"","overlay-color":"","overlay-opacity":"","overlay-gradient":""}},"ast-content-background-meta":{"desktop":{"background-color":"var(--ast-global-color-5)","background-image":"","background-repeat":"repeat","background-position":"center center","background-size":"auto","background-attachment":"scroll","background-type":"","background-media":"","overlay-type":"","overlay-color":"","overlay-opacity":"","overlay-gradient":""},"tablet":{"background-color":"var(--ast-global-color-5)","background-image":"","background-repeat":"repeat","background-position":"center center","background-size":"auto","background-attachment":"scroll","background-type":"","background-media":"","overlay-type":"","overlay-color":"","overlay-opacity":"","overlay-gradient":""},"mobile":{"background-color":"var(--ast-global-color-5)","background-image":"","background-repeat":"repeat","background-position":"center center","background-size":"auto","background-attachment":"scroll","background-type":"","background-media":"","overlay-type":"","overlay-color":"","overlay-opacity":"","overlay-gradient":""}},"footnotes":""},"class_list":["post-3447","page","type-page","status-publish","hentry"],"acf":[],"uagb_featured_image_src":{"full":false,"thumbnail":false,"medium":false,"medium_large":false,"large":false,"1536x1536":false,"2048x2048":false},"uagb_author_info":{"display_name":"c2081650","author_link":"https:\/\/imgroup.uy\/pt-br\/author\/c2081650\/"},"uagb_comment_info":0,"uagb_excerpt":"Servi\u00e7os Recrutamos Talentos Nosso trabalho consiste em uma excelente percep\u00e7\u00e3o para identificar talentos desde tenra idade em inferiores. Nossa equipe n\u00e3o est\u00e1 focada apenas nas proezas de jovens talentos. Representamos Futebolistas Representados com exclusividade, o que faz com que nossa empresa tenha atendimento personalizado e dedica\u00e7\u00e3o especial a cada um deles, suas necessidades pessoais e&hellip;","_links":{"self":[{"href":"https:\/\/imgroup.uy\/pt-br\/wp-json\/wp\/v2\/pages\/3447","targetHints":{"allow":["GET"]}}],"collection":[{"href":"https:\/\/imgroup.uy\/pt-br\/wp-json\/wp\/v2\/pages"}],"about":[{"href":"https:\/\/imgroup.uy\/pt-br\/wp-json\/wp\/v2\/types\/page"}],"author":[{"embeddable":true,"href":"https:\/\/imgroup.uy\/pt-br\/wp-json\/wp\/v2\/users\/2"}],"replies":[{"embeddable":true,"href":"https:\/\/imgroup.uy\/pt-br\/wp-json\/wp\/v2\/comments?post=3447"}],"version-history":[{"count":10,"href":"https:\/\/imgroup.uy\/pt-br\/wp-json\/wp\/v2\/pages\/3447\/revisions"}],"predecessor-version":[{"id":3564,"href":"https:\/\/imgroup.uy\/pt-br\/wp-json\/wp\/v2\/pages\/3447\/revisions\/3564"}],"wp:attachment":[{"href":"https:\/\/imgroup.uy\/pt-br\/wp-json\/wp\/v2\/media?parent=3447"}],"curies":[{"name":"wp","href":"https:\/\/api.w.org\/{rel}","templated":true}]}}